{"id":822,"date":"2024-05-01T22:07:43","date_gmt":"2024-05-01T20:07:43","guid":{"rendered":"https:\/\/calzadodeportivouy.com\/?post_type=product&#038;p=822"},"modified":"2026-03-13T01:16:31","modified_gmt":"2026-03-13T00:16:31","slug":"nike-superfly-9-elite-mercurial","status":"publish","type":"product","link":"https:\/\/calzadodeportivouy.com\/index.php\/producto\/nike-superfly-9-elite-mercurial\/","title":{"rendered":"Nike Superfly 9 Elite Mercurial"},"content":{"rendered":"<p><b class=\"headline-5\">LUCE VELOZ, SI\u00c9NTETE VELOZ.<\/b><\/p>\n<p>&nbsp;<\/p>\n<p>Los deportes de campo ser\u00e1n tuyos cuando te amarres las agujetas del Vapor 15 Elite FG. Agregamos una unidad Zoom Air, hecha espec\u00edficamente para el f\u00fatbol y una textura de agarre en la parte superior para brindar un toque excepcional, para que puedas dominar los \u00faltimos minutos de un partido, cuando m\u00e1s importa. Siente la velocidad explosiva mientras corres por la cancha, haciendo jugadas decisivas con velocidad y ritmo. La velocidad del Air.<\/p>\n<p>&nbsp;<\/p>\n<p><b class=\"headline-5\">Bienvenido a la cancha, Zoom<\/b><\/p>\n<p>Por primera vez en nuestra historia, Nike desarroll\u00f3 una unidad Zoom Air de 3\/4 completamente nueva y exclusiva para el f\u00fatbol. Se asienta en la placa y proporciona un nivel adicional de sensaci\u00f3n el\u00e1stica debajo del pie que te ayuda a moverte m\u00e1s r\u00e1pido en los deportes de campo y a crear separaci\u00f3n cuando m\u00e1s importa; ya sea que est\u00e9s anotando goles, llegando en primer lugar al bal\u00f3n o sorteando a los defensas.<\/p>\n<p>&nbsp;<\/p>\n<p><b class=\"headline-5\">Impulsa tu velocidad<\/b><\/p>\n<p>La speed cage en su interior est\u00e1 hecha con un material delgado pero resistente que fija el pie a la suela sin agregar peso adicional para ofrecer un ajuste \u00f3ptimo.<\/p>\n<p>&nbsp;<\/p>\n<p><b class=\"headline-5\">Profundidad para el despegue<\/b><\/p>\n<p>Los tacos tri-star proporcionan una tracci\u00f3n multidireccional en cada pisada, para que puedas cambiar de direcci\u00f3n de forma r\u00e1pida y segura. Los tacos del tal\u00f3n proporcionan tracci\u00f3n y estabilidad al frenar. Los tacos que van de la punta al centro te ofrecen tracci\u00f3n durante los arranques explosivos.<\/p>\n<p>&nbsp;<\/p>\n<p><b class=\"headline-5\">Ajuste mejorado<\/b><\/p>\n<p>Un dise\u00f1o renovado que mejora el ajuste para adaptarse mejor al pie. Lo logramos a trav\u00e9s de m\u00faltiples pruebas de uso en cientos de atletas. El resultado es una punta mejor moldeada y un ajuste m\u00e1s firme en el tal\u00f3n.<\/p>\n<p>&nbsp;<\/p>\n<p><b class=\"headline-5\">Siente el bal\u00f3n<\/b><\/p>\n<p>La parte superior est\u00e1 confeccionada con Vaporposite+, que combina una malla de rejilla con agarre con un material premium para brindar un control \u00f3ptimo del bal\u00f3n a altas velocidades. El material proporciona una sensaci\u00f3n t\u00e1ctil en la superficie de la parte superior. Adem\u00e1s de ser suave y estable, envuelve el pie con firmeza para ofrecer un contacto m\u00e1s natural con el bal\u00f3n, tanto al regatear como al pasar o anotar.<\/p>\n<p>&nbsp;<\/p>\n<p><b class=\"headline-5\">Datos del producto<\/b><\/p>\n<ul>\n<li>Para usar en campos con pasto corto ligeramente h\u00famedo<\/li>\n<li>Plantilla acolchada<\/li>\n<\/ul>\n","protected":false},"excerpt":{"rendered":"<p>LUCE VELOZ, SI\u00c9NTETE VELOZ. &nbsp; Los deportes de campo ser\u00e1n tuyos cuando te amarres las agujetas del Vapor 15 Elite FG. Agregamos una unidad Zoom Air, hecha espec\u00edficamente para el f\u00fatbol y una textura de agarre en la parte superior para brindar un toque excepcional, para que puedas dominar los \u00faltimos minutos de un partido, &hellip;<\/p>\n<p class=\"read-more\"> <a class=\"\" href=\"https:\/\/calzadodeportivouy.com\/index.php\/producto\/nike-superfly-9-elite-mercurial\/\"> <span class=\"screen-reader-text\">Nike Superfly 9 Elite Mercurial<\/span> Leer m\u00e1s &raquo;<\/a><\/p>\n","protected":false},"featured_media":835,"template":"","meta":{"site-sidebar-layout":"default","site-content-layout":"default","ast-global-header-display":"","ast-banner-title-visibility":"","ast-main-header-display":"","ast-hfb-above-header-display":"","ast-hfb-below-header-display":"","ast-hfb-mobile-header-display":"","site-post-title":"","ast-breadcrumbs-content":"","ast-featured-img":"","footer-sml-layout":"","theme-transparent-header-meta":"default","adv-header-id-meta":"","stick-header-meta":"","header-above-stick-meta":"","header-main-stick-meta":"","header-below-stick-meta":"","_joinchat":{"telephone":"+59891602792"}},"product_cat":[31,19],"product_tag":[23,25,20],"class_list":{"0":"post-822","1":"product","2":"type-product","3":"status-publish","4":"has-post-thumbnail","6":"product_cat-nike","7":"product_cat-zapatos","8":"product_tag-futbol","9":"product_tag-nike","10":"product_tag-zapatos","11":"desktop-align-left","12":"tablet-align-left","13":"mobile-align-left","15":"first","16":"instock","17":"taxable","18":"shipping-taxable","19":"purchasable","20":"product-type-variable"},"_links":{"self":[{"href":"https:\/\/calzadodeportivouy.com\/index.php\/wp-json\/wp\/v2\/product\/822"}],"collection":[{"href":"https:\/\/calzadodeportivouy.com\/index.php\/wp-json\/wp\/v2\/product"}],"about":[{"href":"https:\/\/calzadodeportivouy.com\/index.php\/wp-json\/wp\/v2\/types\/product"}],"wp:featuredmedia":[{"embeddable":true,"href":"https:\/\/calzadodeportivouy.com\/index.php\/wp-json\/wp\/v2\/media\/835"}],"wp:attachment":[{"href":"https:\/\/calzadodeportivouy.com\/index.php\/wp-json\/wp\/v2\/media?parent=822"}],"wp:term":[{"taxonomy":"product_cat","embeddable":true,"href":"https:\/\/calzadodeportivouy.com\/index.php\/wp-json\/wp\/v2\/product_cat?post=822"},{"taxonomy":"product_tag","embeddable":true,"href":"https:\/\/calzadodeportivouy.com\/index.php\/wp-json\/wp\/v2\/product_tag?post=822"}],"curies":[{"name":"wp","href":"https:\/\/api.w.org\/{rel}","templated":true}]}}