{"id":327,"date":"2023-09-26T22:07:16","date_gmt":"2023-09-26T20:07:16","guid":{"rendered":"https:\/\/calzadodeportivouy.com\/?post_type=product&#038;p=327"},"modified":"2026-03-13T01:18:52","modified_gmt":"2026-03-13T00:18:52","slug":"nike-tiempo-legend-9-elite-fg","status":"publish","type":"product","link":"https:\/\/calzadodeportivouy.com\/index.php\/producto\/nike-tiempo-legend-9-elite-fg\/","title":{"rendered":"Nike Tiempo Legend 9 Elite FG"},"content":{"rendered":"<p style=\"text-align: center;\"><b class=\"headline-5\">UNO DE LOS MODELOS DEL LEGEND M\u00c1S LIGEROS DE LA HISTORIA.<\/b><\/p>\n<p>&nbsp;<\/p>\n<p>El Nike Tiempo Legend 9 Elite FG, uno de nuestros Tiempo m\u00e1s ligeros hasta ahora, te permite ir a la ofensiva con un dise\u00f1o de perfil bajo que se reinventa para los atacantes. La parte superior presenta texturas en relieve con suaves almohadillas de espuma que brindan precisi\u00f3n para los regates, pases y tiros, mientras que los tachones en la base aportan tracci\u00f3n para los cortes r\u00e1pidos y las frenadas repentinas.<\/p>\n<p>&nbsp;<\/p>\n<p><b class=\"headline-5\">El Legend se vuelve m\u00e1s ligero<\/b><\/p>\n<p>La placa redise\u00f1ada y la parte superior perfeccionada reducen el volumen para que puedas imprimirle mayor velocidad a tus ataques en la cancha.<\/p>\n<p>&nbsp;<\/p>\n<p><b class=\"headline-5\">Dise\u00f1ado para el toque<\/b><\/p>\n<p>La parte superior de cuero de canguro premium reforzada con almohadillas de espuma suave permite que dirijas tus tiros con precisi\u00f3n.<\/p>\n<p>&nbsp;<\/p>\n<p><b class=\"headline-5\">Comodidad y amortiguaci\u00f3n<\/b><\/p>\n<p>La plantilla acolchada con una leng\u00fceta de malla adaptable te proporciona comodidad excepcional.<\/p>\n<p>&nbsp;<\/p>\n<p><b class=\"headline-5\">Datos del producto<\/b><\/p>\n<ul>\n<li>Para usar en campos con pasto corto ligeramente h\u00famedo<\/li>\n<li>Plantilla acolchada<\/li>\n<li>Color que se muestra: Negro<\/li>\n<\/ul>\n","protected":false},"excerpt":{"rendered":"<p>El Nike Tiempo Legend 9 Elite FG, uno de nuestros Tiempo m\u00e1s ligeros hasta ahora, te permite ir a la ofensiva con un dise\u00f1o de perfil bajo que se reinventa para los atacantes. La parte superior presenta texturas en relieve con suaves almohadillas de espuma que brindan precisi\u00f3n para los regates, pases y tiros, mientras que los tachones en la base aportan tracci\u00f3n para los cortes r\u00e1pidos y las frenadas repentinas.<\/p>\n<ul class=\"description-preview__features pt8-sm pb6-sm ncss-list-ul\">\n<li class=\"description-preview__color-description ncss-li\">Color que se muestra: Negro<\/li>\n<\/ul>\n","protected":false},"featured_media":334,"template":"","meta":{"site-sidebar-layout":"default","site-content-layout":"default","ast-global-header-display":"","ast-banner-title-visibility":"","ast-main-header-display":"","ast-hfb-above-header-display":"","ast-hfb-below-header-display":"","ast-hfb-mobile-header-display":"","site-post-title":"","ast-breadcrumbs-content":"","ast-featured-img":"","footer-sml-layout":"","theme-transparent-header-meta":"default","adv-header-id-meta":"","stick-header-meta":"","header-above-stick-meta":"","header-main-stick-meta":"","header-below-stick-meta":"","_joinchat":[]},"product_cat":[31,19],"product_tag":[22,21,23],"class_list":{"0":"post-327","1":"product","2":"type-product","3":"status-publish","4":"has-post-thumbnail","6":"product_cat-nike","7":"product_cat-zapatos","8":"product_tag-calzado","9":"product_tag-championes","10":"product_tag-futbol","11":"desktop-align-left","12":"tablet-align-left","13":"mobile-align-left","15":"first","16":"instock","17":"sale","18":"taxable","19":"shipping-taxable","20":"purchasable","21":"product-type-variable"},"_links":{"self":[{"href":"https:\/\/calzadodeportivouy.com\/index.php\/wp-json\/wp\/v2\/product\/327"}],"collection":[{"href":"https:\/\/calzadodeportivouy.com\/index.php\/wp-json\/wp\/v2\/product"}],"about":[{"href":"https:\/\/calzadodeportivouy.com\/index.php\/wp-json\/wp\/v2\/types\/product"}],"wp:featuredmedia":[{"embeddable":true,"href":"https:\/\/calzadodeportivouy.com\/index.php\/wp-json\/wp\/v2\/media\/334"}],"wp:attachment":[{"href":"https:\/\/calzadodeportivouy.com\/index.php\/wp-json\/wp\/v2\/media?parent=327"}],"wp:term":[{"taxonomy":"product_cat","embeddable":true,"href":"https:\/\/calzadodeportivouy.com\/index.php\/wp-json\/wp\/v2\/product_cat?post=327"},{"taxonomy":"product_tag","embeddable":true,"href":"https:\/\/calzadodeportivouy.com\/index.php\/wp-json\/wp\/v2\/product_tag?post=327"}],"curies":[{"name":"wp","href":"https:\/\/api.w.org\/{rel}","templated":true}]}}