{"id":1975,"date":"2025-02-19T19:51:12","date_gmt":"2025-02-19T18:51:12","guid":{"rendered":"https:\/\/calzadodeportivouy.com\/?post_type=product&#038;p=1975"},"modified":"2026-03-13T00:20:51","modified_gmt":"2026-03-12T23:20:51","slug":"adidas-copa-pure-2-2","status":"publish","type":"product","link":"https:\/\/calzadodeportivouy.com\/index.php\/producto\/adidas-copa-pure-2-2\/","title":{"rendered":"ADIDAS COPA PURE 2"},"content":{"rendered":"<p>Juega al mejor juego a tu manera con los botines adidas Copa Pure 2 Elite dise\u00f1ados para brindar comodidad y conexi\u00f3n. La combinaci\u00f3n de ajuste ce\u00f1ido de una leng\u00fceta adidas PRIMEKNIT, tal\u00f3n acolchado y plantilla OrthoLite\u00ae te mantiene en su lugar. La parte superior de cuero Fusionskin, que se apoya sobre una suela Comfortframe dise\u00f1ada para un juego seguro en terreno firme, garantiza que siempre est\u00e9s en sinton\u00eda con el f\u00fatbol.<\/p>\n","protected":false},"excerpt":{"rendered":"<p>Juega al mejor juego a tu manera con los botines adidas Copa Pure 2 Elite dise\u00f1ados para brindar comodidad y conexi\u00f3n. La combinaci\u00f3n de ajuste ce\u00f1ido de una leng\u00fceta adidas PRIMEKNIT, tal\u00f3n acolchado y plantilla OrthoLite\u00ae te mantiene en su lugar. La parte superior de cuero Fusionskin, que se apoya sobre una suela Comfortframe dise\u00f1ada &hellip;<\/p>\n<p class=\"read-more\"> <a class=\"\" href=\"https:\/\/calzadodeportivouy.com\/index.php\/producto\/adidas-copa-pure-2-2\/\"> <span class=\"screen-reader-text\">ADIDAS COPA PURE 2<\/span> Leer m\u00e1s &raquo;<\/a><\/p>\n","protected":false},"featured_media":1978,"template":"","meta":{"site-sidebar-layout":"default","site-content-layout":"default","ast-global-header-display":"","ast-banner-title-visibility":"","ast-main-header-display":"","ast-hfb-above-header-display":"","ast-hfb-below-header-display":"","ast-hfb-mobile-header-display":"","site-post-title":"","ast-breadcrumbs-content":"","ast-featured-img":"","footer-sml-layout":"","theme-transparent-header-meta":"default","adv-header-id-meta":"","stick-header-meta":"","header-above-stick-meta":"","header-main-stick-meta":"","header-below-stick-meta":"","_joinchat":[]},"product_cat":[39,19],"product_tag":[41,77,23],"class_list":{"0":"post-1975","1":"product","2":"type-product","3":"status-publish","4":"has-post-thumbnail","6":"product_cat-adidas","7":"product_cat-zapatos","8":"product_tag-adidas","9":"product_tag-copa-pure","10":"product_tag-futbol","11":"desktop-align-left","12":"tablet-align-left","13":"mobile-align-left","15":"first","16":"instock","17":"sale","18":"taxable","19":"shipping-taxable","20":"purchasable","21":"product-type-variable"},"_links":{"self":[{"href":"https:\/\/calzadodeportivouy.com\/index.php\/wp-json\/wp\/v2\/product\/1975"}],"collection":[{"href":"https:\/\/calzadodeportivouy.com\/index.php\/wp-json\/wp\/v2\/product"}],"about":[{"href":"https:\/\/calzadodeportivouy.com\/index.php\/wp-json\/wp\/v2\/types\/product"}],"wp:featuredmedia":[{"embeddable":true,"href":"https:\/\/calzadodeportivouy.com\/index.php\/wp-json\/wp\/v2\/media\/1978"}],"wp:attachment":[{"href":"https:\/\/calzadodeportivouy.com\/index.php\/wp-json\/wp\/v2\/media?parent=1975"}],"wp:term":[{"taxonomy":"product_cat","embeddable":true,"href":"https:\/\/calzadodeportivouy.com\/index.php\/wp-json\/wp\/v2\/product_cat?post=1975"},{"taxonomy":"product_tag","embeddable":true,"href":"https:\/\/calzadodeportivouy.com\/index.php\/wp-json\/wp\/v2\/product_tag?post=1975"}],"curies":[{"name":"wp","href":"https:\/\/api.w.org\/{rel}","templated":true}]}}