{"id":1916,"date":"2025-02-19T19:16:03","date_gmt":"2025-02-19T18:16:03","guid":{"rendered":"https:\/\/calzadodeportivouy.com\/?post_type=product&#038;p=1916"},"modified":"2026-03-13T00:22:04","modified_gmt":"2026-03-12T23:22:04","slug":"adidas-predator-2","status":"publish","type":"product","link":"https:\/\/calzadodeportivouy.com\/index.php\/producto\/adidas-predator-2\/","title":{"rendered":"ADIDAS PREDATOR"},"content":{"rendered":"<p>Entra en cada partido sabiendo que vas a marcar con los botines adidas Predator Elite dise\u00f1ados para marcar goles. Con aletas Strikeskin de goma estrat\u00e9gicamente ubicadas y una leng\u00fceta plegable, la parte superior flexible HybridTouch est\u00e1 dise\u00f1ada para ayudarte a hacer un contacto perfecto con el bal\u00f3n. La suela exterior para terreno firme Controlframe 2.0 y el collar adidas PRIMEKNIT te mantienen estable mientras apuntas a tu objetivo. Este producto cuenta con al menos un 20 % de materiales reciclados. Al reutilizar materiales que ya se han creado, ayudamos a reducir los desechos y nuestra dependencia de recursos finitos y reducimos la huella de los productos que fabricamos.<\/p>\n","protected":false},"excerpt":{"rendered":"<p>Entra en cada partido sabiendo que vas a marcar con los botines adidas Predator Elite dise\u00f1ados para marcar goles. Con aletas Strikeskin de goma estrat\u00e9gicamente ubicadas y una leng\u00fceta plegable, la parte superior flexible HybridTouch est\u00e1 dise\u00f1ada para ayudarte a hacer un contacto perfecto con el bal\u00f3n. La suela exterior para terreno firme Controlframe 2.0 &hellip;<\/p>\n<p class=\"read-more\"> <a class=\"\" href=\"https:\/\/calzadodeportivouy.com\/index.php\/producto\/adidas-predator-2\/\"> <span class=\"screen-reader-text\">ADIDAS PREDATOR<\/span> Leer m\u00e1s &raquo;<\/a><\/p>\n","protected":false},"featured_media":1917,"template":"","meta":{"site-sidebar-layout":"default","site-content-layout":"default","ast-global-header-display":"","ast-banner-title-visibility":"","ast-main-header-display":"","ast-hfb-above-header-display":"","ast-hfb-below-header-display":"","ast-hfb-mobile-header-display":"","site-post-title":"","ast-breadcrumbs-content":"","ast-featured-img":"","footer-sml-layout":"","theme-transparent-header-meta":"default","adv-header-id-meta":"","stick-header-meta":"","header-above-stick-meta":"","header-main-stick-meta":"","header-below-stick-meta":"","_joinchat":[]},"product_cat":[39,19],"product_tag":[41,23,76],"class_list":{"0":"post-1916","1":"product","2":"type-product","3":"status-publish","4":"has-post-thumbnail","6":"product_cat-adidas","7":"product_cat-zapatos","8":"product_tag-adidas","9":"product_tag-futbol","10":"product_tag-predator","11":"desktop-align-left","12":"tablet-align-left","13":"mobile-align-left","15":"first","16":"instock","17":"sale","18":"taxable","19":"shipping-taxable","20":"purchasable","21":"product-type-variable"},"_links":{"self":[{"href":"https:\/\/calzadodeportivouy.com\/index.php\/wp-json\/wp\/v2\/product\/1916"}],"collection":[{"href":"https:\/\/calzadodeportivouy.com\/index.php\/wp-json\/wp\/v2\/product"}],"about":[{"href":"https:\/\/calzadodeportivouy.com\/index.php\/wp-json\/wp\/v2\/types\/product"}],"wp:featuredmedia":[{"embeddable":true,"href":"https:\/\/calzadodeportivouy.com\/index.php\/wp-json\/wp\/v2\/media\/1917"}],"wp:attachment":[{"href":"https:\/\/calzadodeportivouy.com\/index.php\/wp-json\/wp\/v2\/media?parent=1916"}],"wp:term":[{"taxonomy":"product_cat","embeddable":true,"href":"https:\/\/calzadodeportivouy.com\/index.php\/wp-json\/wp\/v2\/product_cat?post=1916"},{"taxonomy":"product_tag","embeddable":true,"href":"https:\/\/calzadodeportivouy.com\/index.php\/wp-json\/wp\/v2\/product_tag?post=1916"}],"curies":[{"name":"wp","href":"https:\/\/api.w.org\/{rel}","templated":true}]}}