{"id":1872,"date":"2025-02-19T18:38:38","date_gmt":"2025-02-19T17:38:38","guid":{"rendered":"https:\/\/calzadodeportivouy.com\/?post_type=product&#038;p=1872"},"modified":"2026-03-13T00:24:25","modified_gmt":"2026-03-12T23:24:25","slug":"adidas-f50-5","status":"publish","type":"product","link":"https:\/\/calzadodeportivouy.com\/index.php\/producto\/adidas-f50-5\/","title":{"rendered":"ADIDAS F50"},"content":{"rendered":"<p>Lleva tu ritmo al l\u00edmite con el calzado ligero adidas F50 dise\u00f1ado para la velocidad. Estos botines de f\u00fatbol Elite tienen una parte superior fina Fibertouch con una leng\u00fceta Compression Fit Tunnel para un ajuste firme y una textura Sprintweb 3D para ayudar a mantener el bal\u00f3n cerca cuando est\u00e1s volando. Dise\u00f1ada para campos de c\u00e9sped firme, la suela exterior el\u00e1stica Sprintframe 360 \u200b\u200bofrece una aceleraci\u00f3n incre\u00edble.<\/p>\n","protected":false},"excerpt":{"rendered":"<p>Lleva tu ritmo al l\u00edmite con el calzado ligero adidas F50 dise\u00f1ado para la velocidad. Estos botines de f\u00fatbol Elite tienen una parte superior fina Fibertouch con una leng\u00fceta Compression Fit Tunnel para un ajuste firme y una textura Sprintweb 3D para ayudar a mantener el bal\u00f3n cerca cuando est\u00e1s volando. Dise\u00f1ada para campos de &hellip;<\/p>\n<p class=\"read-more\"> <a class=\"\" href=\"https:\/\/calzadodeportivouy.com\/index.php\/producto\/adidas-f50-5\/\"> <span class=\"screen-reader-text\">ADIDAS F50<\/span> Leer m\u00e1s &raquo;<\/a><\/p>\n","protected":false},"featured_media":1873,"template":"","meta":{"site-sidebar-layout":"default","site-content-layout":"default","ast-global-header-display":"","ast-banner-title-visibility":"","ast-main-header-display":"","ast-hfb-above-header-display":"","ast-hfb-below-header-display":"","ast-hfb-mobile-header-display":"","site-post-title":"","ast-breadcrumbs-content":"","ast-featured-img":"","footer-sml-layout":"","theme-transparent-header-meta":"default","adv-header-id-meta":"","stick-header-meta":"","header-above-stick-meta":"","header-main-stick-meta":"","header-below-stick-meta":"","_joinchat":[]},"product_cat":[39,19],"product_tag":[41,73,23,75],"class_list":{"0":"post-1872","1":"product","2":"type-product","3":"status-publish","4":"has-post-thumbnail","6":"product_cat-adidas","7":"product_cat-zapatos","8":"product_tag-adidas","9":"product_tag-f50","10":"product_tag-futbol","11":"product_tag-rojo","12":"desktop-align-left","13":"tablet-align-left","14":"mobile-align-left","16":"first","17":"instock","18":"sale","19":"taxable","20":"shipping-taxable","21":"purchasable","22":"product-type-variable"},"_links":{"self":[{"href":"https:\/\/calzadodeportivouy.com\/index.php\/wp-json\/wp\/v2\/product\/1872"}],"collection":[{"href":"https:\/\/calzadodeportivouy.com\/index.php\/wp-json\/wp\/v2\/product"}],"about":[{"href":"https:\/\/calzadodeportivouy.com\/index.php\/wp-json\/wp\/v2\/types\/product"}],"wp:featuredmedia":[{"embeddable":true,"href":"https:\/\/calzadodeportivouy.com\/index.php\/wp-json\/wp\/v2\/media\/1873"}],"wp:attachment":[{"href":"https:\/\/calzadodeportivouy.com\/index.php\/wp-json\/wp\/v2\/media?parent=1872"}],"wp:term":[{"taxonomy":"product_cat","embeddable":true,"href":"https:\/\/calzadodeportivouy.com\/index.php\/wp-json\/wp\/v2\/product_cat?post=1872"},{"taxonomy":"product_tag","embeddable":true,"href":"https:\/\/calzadodeportivouy.com\/index.php\/wp-json\/wp\/v2\/product_tag?post=1872"}],"curies":[{"name":"wp","href":"https:\/\/api.w.org\/{rel}","templated":true}]}}